{"id":451,"date":"2009-02-22T14:28:06","date_gmt":"2009-02-22T13:28:06","guid":{"rendered":"http:\/\/www.peches-mignons.fr\/?page_id=451"},"modified":"2009-04-14T18:01:30","modified_gmt":"2009-04-14T16:01:30","slug":"les-tourtes-dossier-special","status":"publish","type":"page","link":"https:\/\/www.peches-mignons.fr\/?page_id=451","title":{"rendered":"Les Tourtes \u00ab\u00a0Dossier sp\u00e9cial\u00a0\u00bb"},"content":{"rendered":"<p style=\"text-align: center\"><img loading=\"lazy\" decoding=\"async\" src=\"http:\/\/www.peches-mignons.fr\/wp-content\/uploads\/2009\/02\/Tourtes.jpg\" style=\"border-width: 0px; width: 285px; height: 53px\" alt=\"Les Tourtes\" title=\"Les Tourtes\" border=\"0\" width=\"285\" height=\"53\" \/><\/p>\n<p>La tourte est par d\u00e9finition un plat de viande ou de l\u00e9gumes cuits et servis dans un enveloppe de p\u00e2te \u00e0 tarte. Cuite au four, la viande est coup\u00e9e en morceau et est accompagn\u00e9e g\u00e9n\u00e9ralement de l\u00e9gumes ou de pommes de terre. La garniture est ainsi cuite \u00e0 l&rsquo;\u00e9touff\u00e9e et pour permettre l&rsquo;\u00e9vacuation de l&rsquo;exc\u00e8s de vapeur en cours de cuisson, le haut de la p\u00e2te est perc\u00e9. <em>(source wikip\u00e9dia)<\/em><\/p>\n<p>Mais de nos jours ce plat se d\u00e9cline en une infini de version, int\u00e9grant \u00e9galement du poisson et des fruits. C&rsquo;est un plat que l&rsquo;on retrouve \u00e9galement dans la cuisine \u00e9trang\u00e8re, nous le d\u00e9couvrirons certainement au travers de diff\u00e9rentes recettes.<\/p>\n<p><strong>Vous souhaitez participer, les modalit\u00e9s sont <a href=\"http:\/\/www.peches-mignons.fr\/?p=450\" target=\"_blank\">ici<\/a><\/strong><\/p>\n<p style=\"text-align: center\"><img loading=\"lazy\" decoding=\"async\" src=\"http:\/\/www.peches-mignons.fr\/wp-content\/uploads\/2009\/02\/Recettes.jpg\" style=\"border-width: 0px; width: 251px; height: 41px\" alt=\"Les Tourtes\" title=\"Les Tourtes\" border=\"0\" width=\"251\" height=\"41\" \/><\/p>\n<p style=\"text-align: center\">&nbsp;<\/p>\n<p style=\"text-align: center\">\u00a0<img loading=\"lazy\" decoding=\"async\" src=\"http:\/\/www.peches-mignons.fr\/wp-content\/uploads\/2009\/02\/Viande.jpg\" style=\"border-width: 0px; width: 184px; height: 37px\" alt=\"Les Tourtes\" title=\"Les Tourtes\" border=\"0\" width=\"184\" height=\"37\" \/><\/p>\n<p style=\"text-align: center\"><strong><span style=\"font-size: 10pt\"><span style=\"font-size: 14pt\"><span style=\"font-size: 12pt\">Tourte au poulet et aux poireaux<\/span><\/span><\/span> <\/strong>(Milouze)<\/p>\n<p align=\"center\">\u00a0<a href=\"http:\/\/milouze.canalblog.com\/archives\/2008\/07\/03\/9801326.htmlts\" target=\"_blank\"><img loading=\"lazy\" decoding=\"async\" src=\"http:\/\/www.peches-mignons.fr\/wp-content\/uploads\/2009\/02\/27495265_p.jpg\" style=\"border-width: 0px; width: 200px; height: 179px\" alt=\"Tourte au poulet et aux poireaux\" title=\"Tourte au poulet et aux poireaux\" border=\"0\" width=\"200\" height=\"179\" \/><\/a><\/p>\n<p align=\"center\">&nbsp;<\/p>\n<p align=\"center\"><span style=\"font-size: 12pt\"><strong>Chicken Pie<\/strong><\/span> (P\u00e9ch\u00e9s Mignons)<\/p>\n<p align=\"center\"><a href=\"http:\/\/www.peches-mignons.fr\/?p=454\" target=\"_blank\"><img loading=\"lazy\" decoding=\"async\" src=\"http:\/\/www.peches-mignons.fr\/wp-content\/uploads\/2009\/02\/P10305581_1.jpg\" style=\"border-width: 0px; width: 150px; height: 200px\" alt=\"Chiken Pie\" title=\"Chiken Pie\" border=\"0\" width=\"150\" height=\"200\" \/><\/a><\/p>\n<p align=\"center\">&nbsp;<\/p>\n<p align=\"center\"><span style=\"font-size: 12pt\"><strong>Tourte pomme de terre et jambon<\/strong><\/span> (Les gourmands disent&#8230;)<\/p>\n<p align=\"center\"><a href=\"http:\/\/allullou.canalblog.com\/archives\/2009\/02\/20\/index.html\" target=\"_blank\"><img loading=\"lazy\" decoding=\"async\" src=\"http:\/\/www.peches-mignons.fr\/wp-content\/uploads\/2009\/02\/Pomme_terre_jambon.jpg\" style=\"border-width: 0px; width: 150px; height: 222px\" alt=\"Tourte pomme de terre et jambon\" title=\"Tourte pomme de terre et jambon\" border=\"0\" width=\"150\" height=\"222\" \/><\/a><\/p>\n<p align=\"center\">&nbsp;<\/p>\n<p align=\"center\"><span style=\"font-size: 12pt\"><strong>Tourte au poulet et brocoli moutard\u00e9e<\/strong><\/span> (Dans la cuisine de Tallula)<\/p>\n<p align=\"center\"><a href=\"http:\/\/cuisinedetallula.canalblog.com\/archives\/2009\/03\/10\/12900772.html\" target=\"_blank\"><img loading=\"lazy\" decoding=\"async\" src=\"http:\/\/www.peches-mignons.fr\/wp-content\/uploads\/2009\/03\/Blog_1.jpg\" style=\"border-width: 0px; width: 200px; height: 150px\" alt=\"Tourte poulet brocoli\" title=\"Tourte poulet brocoli\" border=\"0\" width=\"200\" height=\"150\" \/><\/a><\/p>\n<p align=\"center\">&nbsp;<\/p>\n<p align=\"center\"><strong><span style=\"font-size: 12pt\">Tourte l\u00e9gumes &#8211; viande hach\u00e9e<\/span><\/strong> (Gouts et couleurs)<\/p>\n<p align=\"center\"><a href=\"http:\/\/goutsetcouleurs.over-blog.com\/article-28748351.html\" target=\"_blank\"><img loading=\"lazy\" decoding=\"async\" src=\"http:\/\/www.peches-mignons.fr\/wp-content\/uploads\/2009\/03\/2.jpg\" style=\"border-width: 0px; width: 227px; height: 150px\" alt=\"Tourte l\u00e9gumes viande hach\u00e9e\" title=\"Tourte l\u00e9gumes viande hach\u00e9e\" border=\"0\" width=\"227\" height=\"150\" \/><\/a><\/p>\n<p align=\"center\">&nbsp;<\/p>\n<p align=\"center\">&nbsp;<\/p>\n<p align=\"center\"><img loading=\"lazy\" decoding=\"async\" src=\"http:\/\/www.peches-mignons.fr\/wp-content\/uploads\/2009\/02\/poissons.jpg\" alt=\"poissons.jpg\" title=\"poissons.jpg\" border=\"0\" width=\"184\" height=\"37\" \/><\/p>\n<p align=\"center\">&nbsp;<\/p>\n<p align=\"center\"><span style=\"font-size: 12pt\"><strong>Tourte au saumon<\/strong><\/span> (Les d\u00e9lices d&rsquo;H\u00e9l\u00e8ne)<\/p>\n<p align=\"center\"><a href=\"http:\/\/delicesdhelene.over-blog.com\/article-28228974.html\" target=\"_blank\"><img loading=\"lazy\" decoding=\"async\" src=\"http:\/\/www.peches-mignons.fr\/wp-content\/uploads\/2009\/02\/tourtesaumon.jpg\" style=\"border-width: 0px; width: 200px; height: 150px\" alt=\"tourtessaumon\" title=\"tourte saumon\" border=\"0\" width=\"200\" height=\"150\" \/><\/a><\/p>\n<p align=\"center\">&nbsp;<\/p>\n<p align=\"center\"><span style=\"font-size: 12pt\"><strong>Tourte patates &#8211; \u00e9pinards &#8211; saumon<\/strong><\/span> (gouts et couleurs)<\/p>\n<p align=\"center\"><a href=\"http:\/\/goutsetcouleurs.over-blog.com\/article-28473215.html\" target=\"_blank\"><img loading=\"lazy\" decoding=\"async\" src=\"http:\/\/www.peches-mignons.fr\/wp-content\/uploads\/2009\/03\/pdtepinard.jpg\" style=\"border-width: 0px; width: 150px; height: 200px\" alt=\"Tourte pdt \u00e9pinards saumon\" title=\"Tourte pdt \u00e9pinards saumon\" border=\"0\" width=\"150\" height=\"200\" \/><\/a><\/p>\n<p align=\"center\">&nbsp;<\/p>\n<p align=\"center\"><img loading=\"lazy\" decoding=\"async\" src=\"http:\/\/www.peches-mignons.fr\/wp-content\/uploads\/2009\/03\/legumes.jpg\" alt=\"legumes.jpg\" title=\"legumes.jpg\" border=\"0\" width=\"184\" height=\"37\" \/><\/p>\n<p align=\"center\">&nbsp;<\/p>\n<p align=\"center\"><strong><span style=\"font-size: 12pt\">Hortopita ou pita de verdure<\/span><\/strong> (En direct d&rsquo;Ath\u00e8nes)<\/p>\n<p align=\"center\"><a href=\"http:\/\/en-direct-dathenes.over-blog.fr\/article-27792482.html\" target=\"_blank\"><img loading=\"lazy\" decoding=\"async\" src=\"http:\/\/www.peches-mignons.fr\/wp-content\/uploads\/2009\/03\/HORTOPITA_008_.jpg\" style=\"border-width: 0px; width: 150px; height: 200px\" alt=\"HORTOPITA\" title=\"HORTOPITA\" border=\"0\" width=\"150\" height=\"200\" \/><\/a><\/p>\n<p align=\"center\">&nbsp;<\/p>\n<p align=\"center\"><strong><span style=\"font-size: 12pt\">Kolokithopita ou Pita aux courgettes<\/span><\/strong> (en direct d&rsquo;Ath\u00e8nes)<\/p>\n<p align=\"center\"><a href=\"http:\/\/en-direct-dathenes.over-blog.fr\/article-19774116.html\" target=\"_blank\"><img loading=\"lazy\" decoding=\"async\" src=\"http:\/\/www.peches-mignons.fr\/wp-content\/uploads\/2009\/03\/Olives_020__.jpg\" style=\"border-width: 0px; width: 200px; height: 150px\" alt=\"Pita courgettes\" title=\"Pita courgettes\" border=\"0\" width=\"200\" height=\"150\" \/><\/a><\/p>\n<p align=\"center\">&nbsp;<\/p>\n<p align=\"center\"><strong><span style=\"font-size: 12pt\">Spanakopita ou pita aux \u00e9pinards<\/span><\/strong> (en direct d&rsquo;Ath\u00e8nes)<\/p>\n<p align=\"center\"><a href=\"http:\/\/en-direct-dathenes.over-blog.fr\/article-22195658.html\" target=\"_blank\"><img loading=\"lazy\" decoding=\"async\" src=\"http:\/\/www.peches-mignons.fr\/wp-content\/uploads\/2009\/03\/SPANAKOPITA__.jpg\" style=\"border-width: 0px; width: 150px; height: 200px\" alt=\"SPANAKOPITA\" title=\"SPANAKOPITA\" border=\"0\" width=\"150\" height=\"200\" \/><\/a><\/p>\n<p align=\"center\"><span style=\"font-size: 12pt\"><strong>\u00a0<\/strong><\/span><\/p>\n<p align=\"center\"><span style=\"font-size: 12pt\"><strong>Aguinoropita ou pita aux artichauts<\/strong><\/span> (En direct d&rsquo;Ath\u00e8nes)<\/p>\n<p align=\"center\"><a href=\"http:\/\/en-direct-dathenes.over-blog.fr\/article-29724770.html\" target=\"_blank\"><img loading=\"lazy\" decoding=\"async\" src=\"http:\/\/www.peches-mignons.fr\/wp-content\/uploads\/2009\/04\/PITA_ARTICHAUTS_001_.jpg\" style=\"border-width: 0px; width: 150px; height: 200px\" alt=\"pita artichauts\" title=\"pita artichauts\" border=\"0\" width=\"150\" height=\"200\" \/><\/a><\/p>\n<p align=\"center\">&nbsp;<\/p>\n<p align=\"center\"><img loading=\"lazy\" decoding=\"async\" src=\"http:\/\/www.peches-mignons.fr\/wp-content\/uploads\/2009\/03\/feculents.jpg\" alt=\"feculents.jpg\" title=\"feculents.jpg\" border=\"0\" width=\"184\" height=\"37\" \/><\/p>\n<p align=\"center\">&nbsp;<\/p>\n<p align=\"center\"><span style=\"font-size: 12pt\"><strong>Makaronopita ou pita aux macaronis<\/strong><\/span> (en direct d&rsquo;Ath\u00e8nes)<\/p>\n<p align=\"center\"><a href=\"http:\/\/en-direct-dathenes.over-blog.fr\/article-24305630.html\" target=\"_blank\"><img loading=\"lazy\" decoding=\"async\" src=\"http:\/\/www.peches-mignons.fr\/wp-content\/uploads\/2009\/03\/Makaronopita.jpg\" style=\"border-width: 0px; width: 200px; height: 150px\" alt=\"Makaronopita\" title=\"Makaronopita\" border=\"0\" width=\"200\" height=\"150\" \/><\/a><\/p>\n<p align=\"center\">&nbsp;<\/p>\n<p align=\"center\">&nbsp;<\/p>\n<p align=\"center\"><img loading=\"lazy\" decoding=\"async\" src=\"http:\/\/www.peches-mignons.fr\/wp-content\/uploads\/2009\/03\/fromage.jpg\" alt=\"fromage.jpg\" title=\"fromage.jpg\" border=\"0\" width=\"184\" height=\"37\" \/><\/p>\n<p align=\"center\">&nbsp;<\/p>\n<p align=\"center\"><span style=\"font-size: 12pt\"><strong>Tourte au Chaource<\/strong><\/span> (Dans la cuisine de Tallula)<\/p>\n<p align=\"center\"><a href=\"http:\/\/cuisinedetallula.canalblog.com\/archives\/2009\/01\/27\/12229083.html\" target=\"_blank\"><img loading=\"lazy\" decoding=\"async\" src=\"http:\/\/www.peches-mignons.fr\/wp-content\/uploads\/2009\/03\/Tourte_au_Chaource.jpg\" style=\"border-width: 0px; width: 200px; height: 150px\" alt=\"Tourte_au_Chaource\" title=\"Tourte_au_Chaource\" border=\"0\" width=\"200\" height=\"150\" \/><\/a><\/p>\n<p align=\"center\">&nbsp;<\/p>\n<p align=\"center\"><span style=\"font-size: 12pt\"><strong>Tyropita ou pita au fromage<\/strong><\/span> (en direct d&rsquo;Ath\u00e8nes)<\/p>\n<p align=\"center\"><a href=\"http:\/\/en-direct-dathenes.over-blog.fr\/article-26761620.html\" target=\"_blank\"><img loading=\"lazy\" decoding=\"async\" src=\"http:\/\/www.peches-mignons.fr\/wp-content\/uploads\/2009\/03\/TYROPITA_010_.jpg\" style=\"border-width: 0px; width: 150px; height: 200px\" alt=\"TYROPITA\" title=\"TYROPITA\" border=\"0\" width=\"150\" height=\"200\" \/><\/a><\/p>\n<p align=\"center\">&nbsp;<\/p>\n<p align=\"center\">&nbsp;<\/p>\n<p align=\"center\"><img loading=\"lazy\" decoding=\"async\" src=\"http:\/\/www.peches-mignons.fr\/wp-content\/uploads\/2009\/02\/Sucrees.jpg\" alt=\"Sucrees.jpg\" title=\"Sucrees.jpg\" border=\"0\" width=\"184\" height=\"37\" \/><\/p>\n<p align=\"center\">&nbsp;<\/p>\n<p align=\"center\"><span style=\"font-size: 12pt\"><strong>Mini tourtes aux pommes et au calvados<\/strong><\/span> (Quand Nad cuisine)<\/p>\n<p align=\"center\"><a href=\"http:\/\/quandnadcuisine.over-blog.com\/article-25791146.html\" target=\"_blank\"><img loading=\"lazy\" decoding=\"async\" src=\"http:\/\/www.peches-mignons.fr\/wp-content\/uploads\/2009\/02\/mini_tourtes_pommes_et_calva1.jpg\" style=\"border-width: 0px; width: 200px; height: 150px\" alt=\"Mini tourtes pommes et calvados\" title=\"Mini tourtes pommes et calvados\" border=\"0\" width=\"200\" height=\"150\" \/><\/a><\/p>\n<p align=\"center\">&nbsp;<\/p>\n<p align=\"center\"><span style=\"font-size: 12pt\"><strong>Apple &amp; griotte Pie<\/strong><\/span> (Les gourmands disent&#8230;)<\/p>\n<p align=\"center\"><a href=\"http:\/\/allullou.canalblog.com\/archives\/2008\/12\/19\/index.html\" target=\"_blank\"><img loading=\"lazy\" decoding=\"async\" src=\"http:\/\/www.peches-mignons.fr\/wp-content\/uploads\/2009\/02\/applegriotte.jpg\" style=\"border-width: 0px; width: 150px; height: 200px\" alt=\"Apple et griottes pie\" title=\"Apple et griotte pie\" border=\"0\" width=\"150\" height=\"200\" \/><\/a><\/p>\n<p align=\"center\">&nbsp;<\/p>\n<p align=\"center\"><span style=\"font-size: 12pt\"><strong>La pompe aux pommes<\/strong><\/span> (Le journal de C\u00e9cile)<\/p>\n<p align=\"center\"><a href=\"http:\/\/www.lejournaldececile.com\/article-13856892.html\" target=\"_blank\"><img loading=\"lazy\" decoding=\"async\" src=\"http:\/\/www.peches-mignons.fr\/wp-content\/uploads\/2009\/02\/Tourtes_image.jpg\" style=\"border-width: 0px; width: 125px; height: 189px\" alt=\"Pompe aux pommes\" title=\"Pompe aux pommes\" border=\"0\" width=\"125\" height=\"189\" \/><\/a><\/p>\n<p align=\"center\"><span style=\"font-size: 12pt\"><strong>\u00a0<\/strong><\/span><\/p>\n<p align=\"center\"><span style=\"font-size: 12pt\"><strong>Tourtes roses aux pommes<\/strong><\/span> (Dans la cuisine de Tallula)<\/p>\n<p align=\"center\"><a href=\"http:\/\/cuisinedetallula.canalblog.com\/archives\/2009\/03\/03\/12781083.html\" target=\"_blank\"><img loading=\"lazy\" decoding=\"async\" src=\"http:\/\/www.peches-mignons.fr\/wp-content\/uploads\/2009\/03\/Tourtes_roses_aux_pommes.jpg\" style=\"border-width: 0px; width: 200px; height: 150px\" alt=\"Tourtes_roses_aux_pommes\" title=\"Tourtes_roses_aux_pommes\" border=\"0\" width=\"200\" height=\"150\" \/><\/a><\/p>\n","protected":false},"excerpt":{"rendered":"<p>La tourte est par d\u00e9finition un plat de viande ou de l\u00e9gumes cuits et servis dans un enveloppe de p\u00e2te \u00e0 tarte. Cuite au four, la viande est coup\u00e9e en morceau et est accompagn\u00e9e g\u00e9n\u00e9ralement de l\u00e9gumes ou de pommes de terre. La garniture est ainsi cuite \u00e0 l&rsquo;\u00e9touff\u00e9e et pour permettre l&rsquo;\u00e9vacuation de l&rsquo;exc\u00e8s &hellip;<\/p>\n","protected":false},"author":2,"featured_media":0,"parent":0,"menu_order":0,"comment_status":"open","ping_status":"open","template":"","meta":{"footnotes":""},"class_list":["post-451","page","type-page","status-publish",""],"aioseo_notices":[],"_links":{"self":[{"href":"https:\/\/www.peches-mignons.fr\/index.php?rest_route=\/wp\/v2\/pages\/451","targetHints":{"allow":["GET"]}}],"collection":[{"href":"https:\/\/www.peches-mignons.fr\/index.php?rest_route=\/wp\/v2\/pages"}],"about":[{"href":"https:\/\/www.peches-mignons.fr\/index.php?rest_route=\/wp\/v2\/types\/page"}],"author":[{"embeddable":true,"href":"https:\/\/www.peches-mignons.fr\/index.php?rest_route=\/wp\/v2\/users\/2"}],"replies":[{"embeddable":true,"href":"https:\/\/www.peches-mignons.fr\/index.php?rest_route=%2Fwp%2Fv2%2Fcomments&post=451"}],"version-history":[{"count":0,"href":"https:\/\/www.peches-mignons.fr\/index.php?rest_route=\/wp\/v2\/pages\/451\/revisions"}],"wp:attachment":[{"href":"https:\/\/www.peches-mignons.fr\/index.php?rest_route=%2Fwp%2Fv2%2Fmedia&parent=451"}],"curies":[{"name":"wp","href":"https:\/\/api.w.org\/{rel}","templated":true}]}}