{"id":589,"date":"2009-08-31T20:48:43","date_gmt":"2009-08-31T18:48:43","guid":{"rendered":"http:\/\/www.peches-mignons.fr\/?page_id=589"},"modified":"2009-09-03T20:26:10","modified_gmt":"2009-09-03T18:26:10","slug":"participations","status":"publish","type":"page","link":"https:\/\/www.peches-mignons.fr\/?page_id=589","title":{"rendered":"Participations"},"content":{"rendered":"<p align=\"center\"><span style=\"font-size: 12pt\"><strong>Salade de tortis au curry de Waiting for de sun <\/strong><\/span><\/p>\n<p align=\"center\"><a href=\"http:\/\/christlor.sirdelor.net\/index.php?option=com_content&amp;view=article&amp;id=568:-salades-de-tortis-au-curry-&amp;catid=85:salades&amp;Itemid=238\" target=\"_blank\"><img loading=\"lazy\" decoding=\"async\" src=\"http:\/\/www.peches-mignons.fr\/wp-content\/uploads\/2009\/09\/salade_tortis_curry21.JPG\" style=\"border-width: 0px; width: 400px; height: 300px\" alt=\"salade_tortis_curry\" title=\"salade_tortis_curry\" border=\"0\" height=\"300\" width=\"400\" \/><\/a><\/p>\n<p align=\"center\">La sauce que Christelle a choisi et qui semble aller le mieux avec cette recette :<br \/>\n* La sauce herbes du jardin &#8211; vinaigre de pomme, oignon, ciboulette et persil<\/p>\n<p align=\"center\">&nbsp;<\/p>\n<p align=\"center\"><span style=\"font-size: 12pt\"><strong>Salade Orientale antioxydante de \u00ab\u00a0Mimilaf\u00e9e avec Amour\u00a0\u00bb<\/strong><\/span><\/p>\n<p align=\"center\"><a href=\"http:\/\/mimilafee.blogspot.com\/2009\/07\/salade-orientale-antioxydante.html\" target=\"_blank\"><img loading=\"lazy\" decoding=\"async\" src=\"http:\/\/www.peches-mignons.fr\/wp-content\/uploads\/2009\/09\/P7060646.JPG\" style=\"border-width: 0px; width: 400px; height: 300px\" alt=\"salade orientale\" title=\"Salade orientale\" border=\"0\" height=\"300\" width=\"400\" \/><\/a><\/p>\n<p align=\"center\">\u00a0Mimilaf\u00e9e pense que la sauce peut \u00eatre remplac\u00e9e par une sauce toute pr\u00eate \u00ab\u00a0crudit\u00e9s proven\u00e7ales\u00a0\u00bb<\/p>\n<p align=\"center\">&nbsp;<\/p>\n<p style=\"font-weight: bold\" align=\"center\"><span style=\"font-size: 12pt\">Catherine n&rsquo;a pas de blog mais nous propose son pamplemousse surprise<\/span><\/p>\n<p align=\"center\"><img loading=\"lazy\" decoding=\"async\" src=\"http:\/\/www.peches-mignons.fr\/wp-content\/uploads\/2009\/09\/DSCF6524.JPG\" style=\"border-width: 0px; width: 400px; height: 350px\" alt=\"Pamplemousse surprise\" title=\"Pamplemousse surprise\" border=\"0\" height=\"350\" width=\"400\" \/><\/p>\n<p align=\"center\">&nbsp;<\/p>\n<p align=\"center\">INGREDIENTS :<br \/>\n2 pamplemousses ? 1 avocat ? 100 g de crevettes d\u00e9cortiqu\u00e9es ? 2 c \u00e0 soupe de sauce herbes du jardin (vinaigre de pomme, oignon, ciboulette et persil)<\/p>\n<p>ETAPES :<br \/>\nCouper les pamplemousses en deux.<br \/>\nEnlever la chair avec un couteau pointu. Garder les \u00e9corces.<br \/>\nEnlever les peaux de la chair des pamplemousses. La couper en petits morceaux.<br \/>\nEplucher l&rsquo;avocat. Le couper en petits morceaux.<br \/>\nDans un saladier, mettre les crevettes, l&rsquo;avocat et le pamplemousse.<br \/>\nM\u00e9langer le tout avec la sauce herbes du jardin.<br \/>\nRemplir les \u00e9corces de ce m\u00e9lange. Servir frais.<\/p>\n<p style=\"text-align: center; font-weight: bold\">&#8212;&#8212;&#8212;&#8212;&#8212;&#8212;&#8212;&#8212;&#8212;&#8212;&#8212;&#8212;&#8212;-<\/p>\n<p style=\"text-align: center; font-weight: bold\"><span style=\"font-size: 12pt\">Epic\u00e9anne nous propose sa \u00ab\u00a0Salade de riz \u00e0 l&rsquo;orange, patate douce et noix de p\u00e9can\u00a0\u00bb<\/span><\/p>\n<p style=\"text-align: center\"><a href=\"http:\/\/epiceanne.blogspot.com\/2009\/07\/salade-de-riz-lorange-patate-douce-et.html\"><img loading=\"lazy\" decoding=\"async\" src=\"http:\/\/www.peches-mignons.fr\/wp-content\/uploads\/2009\/09\/DSCN3086.jpg\" style=\"border-width: 0px; width: 400px; height: 300px\" alt=\"Salade de riz\" title=\"Salade de riz\" border=\"0\" height=\"300\" width=\"400\" \/><\/a><\/p>\n<p style=\"text-align: center\">Elle pense que c&rsquo;est la sauce dijonnaise qui s&rsquo;accorderait le mieux avec cet ensemble<\/p>\n<p style=\"text-align: center\">&nbsp;<\/p>\n","protected":false},"excerpt":{"rendered":"<p>Salade de tortis au curry de Waiting for de sun La sauce que Christelle a choisi et qui semble aller le mieux avec cette recette : * La sauce herbes du jardin &#8211; vinaigre de pomme, oignon, ciboulette et persil &nbsp; Salade Orientale antioxydante de \u00ab\u00a0Mimilaf\u00e9e avec Amour\u00a0\u00bb \u00a0Mimilaf\u00e9e pense que la sauce peut \u00eatre &hellip;<\/p>\n","protected":false},"author":2,"featured_media":0,"parent":0,"menu_order":0,"comment_status":"open","ping_status":"open","template":"","meta":{"footnotes":""},"class_list":["post-589","page","type-page","status-publish",""],"aioseo_notices":[],"_links":{"self":[{"href":"https:\/\/www.peches-mignons.fr\/index.php?rest_route=\/wp\/v2\/pages\/589","targetHints":{"allow":["GET"]}}],"collection":[{"href":"https:\/\/www.peches-mignons.fr\/index.php?rest_route=\/wp\/v2\/pages"}],"about":[{"href":"https:\/\/www.peches-mignons.fr\/index.php?rest_route=\/wp\/v2\/types\/page"}],"author":[{"embeddable":true,"href":"https:\/\/www.peches-mignons.fr\/index.php?rest_route=\/wp\/v2\/users\/2"}],"replies":[{"embeddable":true,"href":"https:\/\/www.peches-mignons.fr\/index.php?rest_route=%2Fwp%2Fv2%2Fcomments&post=589"}],"version-history":[{"count":0,"href":"https:\/\/www.peches-mignons.fr\/index.php?rest_route=\/wp\/v2\/pages\/589\/revisions"}],"wp:attachment":[{"href":"https:\/\/www.peches-mignons.fr\/index.php?rest_route=%2Fwp%2Fv2%2Fmedia&parent=589"}],"curies":[{"name":"wp","href":"https:\/\/api.w.org\/{rel}","templated":true}]}}